{"id":8,"date":"2026-03-24T14:38:12","date_gmt":"2026-03-24T14:38:12","guid":{"rendered":"http:\/\/localhost\/cec\/?page_id=8"},"modified":"2026-04-06T13:19:12","modified_gmt":"2026-04-06T13:19:12","slug":"home","status":"publish","type":"page","link":"https:\/\/palestra.cec.uem.mz\/","title":{"rendered":"Home"},"content":{"rendered":"\t\t<div data-elementor-type=\"wp-page\" data-elementor-id=\"8\" class=\"elementor elementor-8\" data-elementor-post-type=\"page\">\n\t\t\t\t\t\t<section class=\"elementor-section elementor-top-section elementor-element elementor-element-4b1bcf3 elementor-section-boxed elementor-section-height-default elementor-section-height-default\" data-id=\"4b1bcf3\" data-element_type=\"section\" data-e-type=\"section\">\n\t\t\t\t\t\t<div class=\"elementor-container elementor-column-gap-default\">\n\t\t\t\t\t<div class=\"elementor-column elementor-col-100 elementor-top-column elementor-element elementor-element-e86d175\" data-id=\"e86d175\" data-element_type=\"column\" data-e-type=\"column\">\n\t\t\t<div class=\"elementor-widget-wrap elementor-element-populated\">\n\t\t\t\t\t\t<div class=\"elementor-element elementor-element-9c6b991 elementor-widget elementor-widget-slider_revolution\" data-id=\"9c6b991\" data-element_type=\"widget\" data-e-type=\"widget\" data-widget_type=\"slider_revolution.default\">\n\t\t\t\t<div class=\"elementor-widget-container\">\n\t\t\t\t\t\n\t\t<div class=\"wp-block-themepunch-revslider\">\n\t\t\t\t<p class=\"rs-p-wp-fix\"><\/p>\n\t\t\t\t<sr7-module data-alias=\"home-slider1\" data-id=\"1\" id=\"SR7_1_1\" class=\"rs-ov-hidden\" data-version=\"6.7.51\">\n\t\t\t\t\t<sr7-adjuster><\/sr7-adjuster>\n\t\t\t\t\t<sr7-content>\n\t\t\t\t\t\t<sr7-slide id=\"SR7_1_1-1\" data-key=\"1\">\n\t\t\t\t\t\t\t<sr7-txt id=\"SR7_1_1-1-0\" class=\"sr7-layer\">PALESTRA<\/sr7-txt>\n\t\t\t\t\t\t\t<sr7-txt id=\"SR7_1_1-1-1\" class=\"sr7-layer\">Orador: Prof. Doutor El\u00edsio Macamo<\/sr7-txt>\n\t\t\t\t\t\t\t<sr7-txt id=\"SR7_1_1-1-5\" class=\"sr7-layer\">REFUNDA\u00c7AO DA FAM\u00cdLIA MO\u00c7AMBICANA<\/sr7-txt>\n\t\t\t\t\t\t\t<sr7-txt id=\"SR7_1_1-1-6\" class=\"sr7-layer\">UMA ABORDAGEM ESTRAT\u00c9GICA PARA O DESENVOLVIMENTO NACIONAL<\/sr7-txt>\n\t\t\t\t\t\t\t<a id=\"SR7_1_1-1-9\" class=\"sr7-layer\" href=\"https:\/\/formularios.uem.mz\/dtable\/forms\/659218a3-fb84-49c2-b85a-1646f34d6286\/\" target=\"_self\">REGISTE-SE <i class=\"fa-chevron-right\"><\/i><\/a>\n\t\t\t\t\t\t\t<sr7-txt id=\"SR7_1_1-1-11\" class=\"sr7-layer\">Moderadora: Profa. Doutora Vict\u00f3ria Diogo <\/sr7-txt>\n\t\t\t\t\t\t\t<sr7-txt id=\"SR7_1_1-1-13\" class=\"sr7-layer\"><STRONG>DATA<\/STRONG>:  17 DE JUNHO DE 2026 | <STRONG>MODELO<\/STRONG>: ONLINE<\/sr7-txt>\n\t\t\t\t\t\t<\/sr7-slide>\n\t\t\t\t\t\t<sr7-slide id=\"SR7_1_1-3\" data-key=\"3\">\n\t\t\t\t\t\t<\/sr7-slide>\n\t\t\t\t\t<\/sr7-content>\n\t\t\t\t\t<image_lists style=\"display:none\">\n\t\t\t\t\t\t<img data-src=\"\/\/palestra.cec.uem.mz\/wp-content\/uploads\/revslider\/home-slider1\/circle.png\" data-libid=\"14\" data-lib=\"medialibrary\" title=\"circle.png\" width=\"0\" height=\"0\" data-dbsrc=\"Ly9wYWxlc3RyYS5jZWMudWVtLm16L3dwLWNvbnRlbnQvdXBsb2Fkcy9yZXZzbGlkZXIvaG9tZS1zbGlkZXIxL2NpcmNsZS5wbmc=\"\/>\n\t\t\t\t\t\t<img data-src=\"\/\/palestra.cec.uem.mz\/wp-content\/uploads\/revslider\/home-slider1\/Path-517.png\" data-libid=\"15\" data-lib=\"medialibrary\" title=\"Path-517.png\" width=\"0\" height=\"0\" data-dbsrc=\"Ly9wYWxlc3RyYS5jZWMudWVtLm16L3dwLWNvbnRlbnQvdXBsb2Fkcy9yZXZzbGlkZXIvaG9tZS1zbGlkZXIxL1BhdGgtNTE3LnBuZw==\"\/>\n\t\t\t\t\t\t<img data-src=\"\/\/palestra.cec.uem.mz\/wp-content\/uploads\/2026\/03\/eliso_macamo.png\" data-libid=\"54\" data-lib=\"medialibrary\" title=\"eliso_macamo\" width=\"0\" height=\"0\" data-dbsrc=\"Ly9wYWxlc3RyYS5jZWMudWVtLm16L3dwLWNvbnRlbnQvdXBsb2Fkcy8yMDI2LzAzL2VsaXNvX21hY2Ftby5wbmc=\"\/>\n\t\t\t\t\t\t<img loading=\"lazy\" data-src=\"\/\/palestra.cec.uem.mz\/wp-content\/uploads\/2026\/03\/victoria_diogo.png\" data-libid=\"55\" data-lib=\"medialibrary\" title=\"victoria_diogo\" width=\"0\" height=\"0\" data-dbsrc=\"Ly9wYWxlc3RyYS5jZWMudWVtLm16L3dwLWNvbnRlbnQvdXBsb2Fkcy8yMDI2LzAzL3ZpY3RvcmlhX2Rpb2dvLnBuZw==\"\/>\n\t\t\t\t\t\t<img loading=\"lazy\" data-src=\"\/\/moocs.uem.mz\/cec\/wp-content\/2019\/09\/slider-2.jpg\" width=\"0\" height=\"0\" data-dbsrc=\"Ly9tb29jcy51ZW0ubXovY2VjL3dwLWNvbnRlbnQvMjAxOS8wOS9zbGlkZXItMi5qcGc=\"\/>\n\t\t\t\t\t<\/image_lists>\n\t\t\t\t<\/sr7-module>\n\t\t\t\t<script>\n\t\t\t\t\twindow.SR7 ??={};SR7.PMH ??={}; SR7.PMH[\"SR7_1_1\"] = {cn:100,state:false,fn: function() { if (window._tpt!==undefined && window._tpt.prepareModuleHeight !== undefined) {  _tpt.prepareModuleHeight({id:\"SR7_1_1\",el:[600,600,600,600,480],type:'standard',shdw:'0',gh:[600,600,600,600,480],gw:[1280,1280,1280,1280,480],vpt:['-200px&#039;,&#039;-200px&#039;,&#039;-200px&#039;,&#039;-200px&#039;,&#039;-200px'],size:{fullWidth:true, fullHeight:false},mh:'0',onh:0,onw:0,bg:{color:'{\"type\":\"solid\",\"orig\":\"#ffffff\",\"string\":\"rgba(255, 255, 255, 1)\"}'},plType:'0',plColor:'#FFFFFF'});   SR7.PMH[\"SR7_1_1\"].state=true;} else if(SR7.PMH[\"SR7_1_1\"].cn-->0)\tsetTimeout( SR7.PMH[\"SR7_1_1\"].fn,19);}};SR7.PMH[\"SR7_1_1\" ].fn();\n\t\t\t\t<\/script>\n<\/div>\n\n\t\t\t\t\t\t<\/div>\n\t\t\t\t<\/div>\n\t\t\t\t\t<\/div>\n\t\t<\/div>\n\t\t\t\t\t<\/div>\n\t\t<\/section>\n\t\t\t\t<section class=\"elementor-section elementor-top-section elementor-element elementor-element-czsrlbn elementor-section-boxed elementor-section-height-default elementor-section-height-default\" data-id=\"czsrlbn\" data-element_type=\"section\" data-e-type=\"section\">\n\t\t\t\t\t\t<div class=\"elementor-container elementor-column-gap-default\">\n\t\t\t\t\t<div class=\"elementor-column elementor-col-25 elementor-top-column elementor-element elementor-element-8zpw200\" data-id=\"8zpw200\" data-element_type=\"column\" data-e-type=\"column\">\n\t\t\t<div class=\"elementor-widget-wrap elementor-element-populated\">\n\t\t\t\t\t\t<div class=\"elementor-element elementor-element-cfa41fd elementor-widget elementor-widget-cz_gap\" data-id=\"cfa41fd\" data-element_type=\"widget\" data-e-type=\"widget\" data-widget_type=\"cz_gap.default\">\n\t\t\t\t<div class=\"elementor-widget-container\">\n\t\t\t\t\t<div class=\"cz_gap clr\"><\/div>\t\t\t\t<\/div>\n\t\t\t\t<\/div>\n\t\t\t\t<div class=\"elementor-element elementor-element-eda8ffe elementor-widget elementor-widget-cz_title\" data-id=\"eda8ffe\" data-element_type=\"widget\" data-e-type=\"widget\" data-widget_type=\"cz_title.default\">\n\t\t\t\t<div class=\"elementor-widget-container\">\n\t\t\t\t\t\t\r\n\t\t<div>\r\n\t\t\t<div class=\"cz_title clr cz_mobile_text_center cz_title_pos_inline\"><div class=\"cz_title_shape shape_icon cz_shape_1\"><\/div><div class=\"cz_title_content\"><div class=\"cz_wpe_content\"><h2>Grupo-alvo:<\/h2>\n<h4>Todos intervenientes de pol\u00edticas p\u00fablicas\u00a0<\/h4><\/div><\/div><\/div>\r\n\t\t<\/div>\r\n\t\t\r\n\t\t\t\t\t\t<\/div>\n\t\t\t\t<\/div>\n\t\t\t\t\t<\/div>\n\t\t<\/div>\n\t\t\t\t<div class=\"elementor-column elementor-col-25 elementor-top-column elementor-element elementor-element-wuj844k\" data-id=\"wuj844k\" data-element_type=\"column\" data-e-type=\"column\">\n\t\t\t<div class=\"elementor-widget-wrap elementor-element-populated\">\n\t\t\t\t\t\t<div class=\"elementor-element elementor-element-e359658 elementor-widget elementor-widget-cz_service_box\" data-id=\"e359658\" data-element_type=\"widget\" data-e-type=\"widget\" data-widget_type=\"cz_service_box.default\">\n\t\t\t\t<div class=\"elementor-widget-container\">\n\t\t\t\t\t<a href=\"#\"><div class=\"services clr style1 cz_sbi_fx_10 left\"><div class=\"service_custom\"><i class=\"far fa-calendar-alt\"><\/i><\/div><div class=\"service_text\"><h3>Data<\/h3><div class=\"cz_wpe_content\"><p><strong>17 JUN 2026<\/strong><\/p><\/div><\/div><\/div><\/a>\t\t\t\t<\/div>\n\t\t\t\t<\/div>\n\t\t\t\t\t<\/div>\n\t\t<\/div>\n\t\t\t\t<div class=\"elementor-column elementor-col-25 elementor-top-column elementor-element elementor-element-istiva2\" data-id=\"istiva2\" data-element_type=\"column\" data-e-type=\"column\">\n\t\t\t<div class=\"elementor-widget-wrap elementor-element-populated\">\n\t\t\t\t\t\t<div class=\"elementor-element elementor-element-e1017e1 elementor-widget elementor-widget-cz_service_box\" data-id=\"e1017e1\" data-element_type=\"widget\" data-e-type=\"widget\" data-widget_type=\"cz_service_box.default\">\n\t\t\t\t<div class=\"elementor-widget-container\">\n\t\t\t\t\t<a href=\"#\"><div class=\"services clr style1 cz_sbi_fx_10 left\"><div class=\"service_custom\"><i class=\"far fa-clock\"><\/i><\/div><div class=\"service_text\"><h3>Hora<\/h3><div class=\"cz_wpe_content\"><p><strong>17:30<\/strong><\/p><\/div><\/div><\/div><\/a>\t\t\t\t<\/div>\n\t\t\t\t<\/div>\n\t\t\t\t\t<\/div>\n\t\t<\/div>\n\t\t\t\t<div class=\"elementor-column elementor-col-25 elementor-top-column elementor-element elementor-element-ryufx6f\" data-id=\"ryufx6f\" data-element_type=\"column\" data-e-type=\"column\">\n\t\t\t<div class=\"elementor-widget-wrap elementor-element-populated\">\n\t\t\t\t\t\t<div class=\"elementor-element elementor-element-daab9a8 elementor-widget elementor-widget-cz_service_box\" data-id=\"daab9a8\" data-element_type=\"widget\" data-e-type=\"widget\" data-widget_type=\"cz_service_box.default\">\n\t\t\t\t<div class=\"elementor-widget-container\">\n\t\t\t\t\t<a href=\"#\"><div class=\"services clr style1 cz_sbi_fx_10 left\"><div class=\"service_custom\"><i class=\"fas fa-location-arrow\"><\/i><\/div><div class=\"service_text\"><h3>Modalidade<\/h3><div class=\"cz_wpe_content\"><p><strong>Online<\/strong><\/p><\/div><\/div><\/div><\/a>\t\t\t\t<\/div>\n\t\t\t\t<\/div>\n\t\t\t\t\t<\/div>\n\t\t<\/div>\n\t\t\t\t\t<\/div>\n\t\t<\/section>\n\t\t\t\t<section class=\"elementor-section elementor-top-section elementor-element elementor-element-9pw3bev elementor-section-stretched elementor-section-boxed elementor-section-height-default elementor-section-height-default\" data-id=\"9pw3bev\" data-element_type=\"section\" data-e-type=\"section\" data-settings=\"{&quot;stretch_section&quot;:&quot;section-stretched&quot;,&quot;background_background&quot;:&quot;classic&quot;}\">\n\t\t\t\t\t\t<div class=\"elementor-container elementor-column-gap-default\">\n\t\t\t\t\t<div class=\"elementor-column elementor-col-100 elementor-top-column elementor-element elementor-element-365nrv3\" data-id=\"365nrv3\" data-element_type=\"column\" data-e-type=\"column\">\n\t\t\t<div class=\"elementor-widget-wrap elementor-element-populated\">\n\t\t\t\t\t\t<div class=\"elementor-element elementor-element-38cf4f4 elementor-widget elementor-widget-cz_particles\" data-id=\"38cf4f4\" data-element_type=\"widget\" data-e-type=\"widget\" data-widget_type=\"cz_particles.default\">\n\t\t\t\t<div class=\"elementor-widget-container\">\n\t\t\t\t\t<div id=\"xtra-6351\" class=\"cz-particles\"><div class=\"row clr\"><div data-cz-style=''>\n<p class=\"has-text-align-center has-white-color has-text-color has-link-color has-large-font-size wp-elements-d27f8154bd77773ee4354bc8cf6bb4b3\" style=\"font-style:normal;font-weight:700\">Objectivo da Palestra<\/p>\n\n\n\n<p class=\"has-text-align-center has-white-color has-text-color has-link-color has-medium-font-size wp-elements-1194d2253e91d9cbaee9697d99fa850c\">Instigar os fazedores e intervenientes de pol\u00edticas p\u00fablicas a reflectirem acerca dos problemas e desafios relacionados com a moralidade e integridade da fam\u00edlia mo\u00e7ambicana e o perfil desejado de fam\u00edlia nacional que possa protagonizar o desenvolvimento de Mo\u00e7ambique.<\/p>\n<\/div><\/div><\/div>\r\n<script>\r\n\r\n\tjQuery( function( $ ) {\r\n\r\n\t\tvar timeout = 2000;\r\n\r\n\t\tsetTimeout(function() {\r\n\t\t\tif ( typeof particlesJS != \"undefined\" ) {\r\n\r\n\t\t\t\tparticlesJS(\"xtra-6351\", {\r\n\t\t\t\t  \"particles\": {\r\n\t\t\t\t    \"number\": {\r\n\t\t\t\t      \"value\": 90\r\n\t\t\t\t    },\r\n\t\t\t\t    \"color\": {\r\n\t\t\t\t      \"value\": \"#ffffff\"\r\n\t\t\t\t    },\r\n\t\t\t\t    \"shape\": {\r\n\t\t\t\t      \"type\": \"circle\",\r\n\t\t\t\t    },\r\n\t\t\t\t    \"line_linked\": {\r\n\t\t\t\t      \"enable\": true,\r\n\t\t\t\t      \"distance\": 10,\r\n\t\t\t\t      \"color\": \"#55c48b\",\r\n\t\t\t\t      \"opacity\": 0.4,\r\n\t\t\t\t      \"width\": 1\r\n\t\t\t\t    },\r\n\t\t\t\t    \"opacity\": {\r\n\t\t\t\t      \"value\": 0.5,\r\n\t\t\t\t      \"random\": true,\r\n\t\t\t\t      \"anim\": {\r\n\t\t\t\t        \"enable\": false,\r\n\t\t\t\t        \"speed\": 1,\r\n\t\t\t\t        \"opacity_min\": 0.1,\r\n\t\t\t\t        \"sync\": false\r\n\t\t\t\t      }\r\n\t\t\t\t    },\r\n\t\t\t\t    \"size\": {\r\n\t\t\t\t      \"value\": 10,\r\n\t\t\t\t      \"random\": true,\r\n\t\t\t\t      \"anim\": {\r\n\t\t\t\t        \"enable\": false,\r\n\t\t\t\t        \"speed\": 40,\r\n\t\t\t\t        \"size_min\": 0.1,\r\n\t\t\t\t        \"sync\": false\r\n\t\t\t\t      }\r\n\t\t\t\t    },\r\n\t\t\t\t    \"move\": {\r\n\t\t\t\t      \"enable\": true,\r\n\t\t\t\t      \"speed\": 3,\r\n\t\t\t\t      \"direction\": \"bottom\",\r\n\t\t\t\t      \"random\": false,\r\n\t\t\t\t      \"straight\": false,\r\n\t\t\t\t      \"out_mode\": \"out\",\r\n\t\t\t\t      \"bounce\": false,\r\n\t\t\t\t      \"attract\": {\r\n\t\t\t\t        \"enable\": false,\r\n\t\t\t\t        \"rotateX\": 600,\r\n\t\t\t\t        \"rotateY\": 1200\r\n\t\t\t\t      }\r\n\t\t\t\t    }\r\n\t\t\t\t  },\r\n\t\t\t\t  \"interactivity\": {\r\n\t\t\t\t    \"detect_on\": \"canvas\",\r\n\t\t\t\t    \"events\": {\r\n\t\t\t\t      \"onhover\": {\r\n\t\t\t\t        \"enable\": true,\r\n\t\t\t\t        \"mode\": \"grab\"\r\n\t\t\t\t      },\r\n\t\t\t\t      \"onclick\": {\r\n\t\t\t\t        \"enable\": true,\r\n\t\t\t\t        \"mode\": \"push\"\r\n\t\t\t\t      },\r\n\t\t\t\t      \"resize\": true\r\n\t\t\t\t    },\r\n\t\t\t\t    \"modes\": {\r\n\t\t\t\t      \"grab\": {\r\n\t\t\t\t        \"distance\": 100,\r\n\t\t\t\t        \"line_linked\": {\r\n\t\t\t\t          \"opacity\": 1\r\n\t\t\t\t        }\r\n\t\t\t\t      },\r\n\t\t\t\t      \"bubble\": {\r\n\t\t\t\t        \"distance\": 400,\r\n\t\t\t\t        \"size\": 40,\r\n\t\t\t\t        \"duration\": 2,\r\n\t\t\t\t        \"opacity\": 8,\r\n\t\t\t\t        \"speed\": 3\r\n\t\t\t\t      },\r\n\t\t\t\t      \"repulse\": {\r\n\t\t\t\t        \"distance\": 200,\r\n\t\t\t\t        \"duration\": 0.4\r\n\t\t\t\t      },\r\n\t\t\t\t      \"push\": {\r\n\t\t\t\t        \"particles_nb\": 4\r\n\t\t\t\t      },\r\n\t\t\t\t      \"remove\": {\r\n\t\t\t\t        \"particles_nb\": 2\r\n\t\t\t\t      }\r\n\t\t\t\t    }\r\n\t\t\t\t  },\r\n\t\t\t\t  \"retina_detect\": true\r\n\t\t\t\t});\r\n\t\t\t}\r\n\t\t}, timeout );\r\n\r\n\t});\r\n\r\n<\/script>\t\t\t\t<\/div>\n\t\t\t\t<\/div>\n\t\t\t\t\t<\/div>\n\t\t<\/div>\n\t\t\t\t\t<\/div>\n\t\t<\/section>\n\t\t\t\t<section class=\"elementor-section elementor-top-section elementor-element elementor-element-ae144b7 elementor-section-boxed elementor-section-height-default elementor-section-height-default\" data-id=\"ae144b7\" data-element_type=\"section\" data-e-type=\"section\">\n\t\t\t\t\t\t<div class=\"elementor-container elementor-column-gap-default\">\n\t\t\t\t\t<div class=\"elementor-column elementor-col-100 elementor-top-column elementor-element elementor-element-473c13a\" data-id=\"473c13a\" data-element_type=\"column\" data-e-type=\"column\">\n\t\t\t<div class=\"elementor-widget-wrap elementor-element-populated\">\n\t\t\t\t\t\t<div class=\"elementor-element elementor-element-c8ee89c elementor-widget elementor-widget-heading\" data-id=\"c8ee89c\" data-element_type=\"widget\" data-e-type=\"widget\" data-widget_type=\"heading.default\">\n\t\t\t\t<div class=\"elementor-widget-container\">\n\t\t\t\t\t<h4 class=\"elementor-heading-title elementor-size-default\">Uma parceria da Funda\u00e7\u00e3o da Universidade Eduardo Mondlane, atrav\u00e9s do seu Centro de Educa\u00e7\u00e3o Cont\u00ednua (CEC), com a FORMATO<\/h4>\t\t\t\t<\/div>\n\t\t\t\t<\/div>\n\t\t\t\t\t<\/div>\n\t\t<\/div>\n\t\t\t\t\t<\/div>\n\t\t<\/section>\n\t\t\t\t<section class=\"elementor-section elementor-top-section elementor-element elementor-element-24f6583 elementor-section-boxed elementor-section-height-default elementor-section-height-default\" data-id=\"24f6583\" data-element_type=\"section\" data-e-type=\"section\">\n\t\t\t\t\t\t<div class=\"elementor-container elementor-column-gap-default\">\n\t\t\t\t\t<div class=\"elementor-column elementor-col-100 elementor-top-column elementor-element elementor-element-f9f1c97\" data-id=\"f9f1c97\" data-element_type=\"column\" data-e-type=\"column\">\n\t\t\t<div class=\"elementor-widget-wrap\">\n\t\t\t\t\t\t\t<\/div>\n\t\t<\/div>\n\t\t\t\t\t<\/div>\n\t\t<\/section>\n\t\t\t\t<section class=\"elementor-section elementor-top-section elementor-element elementor-element-b7ae9cf elementor-section-boxed elementor-section-height-default elementor-section-height-default\" data-id=\"b7ae9cf\" data-element_type=\"section\" data-e-type=\"section\">\n\t\t\t\t\t\t<div class=\"elementor-container elementor-column-gap-default\">\n\t\t\t\t\t<div class=\"elementor-column elementor-col-100 elementor-top-column elementor-element elementor-element-8b0d611\" data-id=\"8b0d611\" data-element_type=\"column\" data-e-type=\"column\">\n\t\t\t<div class=\"elementor-widget-wrap elementor-element-populated\">\n\t\t\t\t\t\t<div class=\"elementor-element elementor-element-65b939d elementor-widget elementor-widget-image\" data-id=\"65b939d\" data-element_type=\"widget\" data-e-type=\"widget\" data-widget_type=\"image.default\">\n\t\t\t\t<div class=\"elementor-widget-container\">\n\t\t\t\t\t\t\t\t\t\t\t\t\t\t\t<img loading=\"lazy\" decoding=\"async\" width=\"397\" height=\"100\" src=\"https:\/\/palestra.cec.uem.mz\/wp-content\/uploads\/2026\/03\/parceiros2.png\" class=\"attachment-large size-large wp-image-273\" alt=\"Parceiros2\" srcset=\"https:\/\/palestra.cec.uem.mz\/wp-content\/uploads\/2026\/03\/parceiros2.png 397w, https:\/\/palestra.cec.uem.mz\/wp-content\/uploads\/2026\/03\/parceiros2-300x76.png 300w\" sizes=\"auto, (max-width: 397px) 100vw, 397px\" loading=\"lazy\" \/>\t\t\t\t\t\t\t\t\t\t\t\t\t\t\t<\/div>\n\t\t\t\t<\/div>\n\t\t\t\t<div class=\"elementor-element elementor-element-54d82c2 elementor-widget elementor-widget-heading\" data-id=\"54d82c2\" data-element_type=\"widget\" data-e-type=\"widget\" data-widget_type=\"heading.default\">\n\t\t\t\t<div class=\"elementor-widget-container\">\n\t\t\t\t\t<h2 class=\"elementor-heading-title elementor-size-default\">Contactos<\/h2>\t\t\t\t<\/div>\n\t\t\t\t<\/div>\n\t\t\t\t\t<\/div>\n\t\t<\/div>\n\t\t\t\t\t<\/div>\n\t\t<\/section>\n\t\t\t\t<section class=\"elementor-section elementor-top-section elementor-element elementor-element-f3ef394 elementor-section-boxed elementor-section-height-default elementor-section-height-default\" data-id=\"f3ef394\" data-element_type=\"section\" data-e-type=\"section\">\n\t\t\t\t\t\t<div class=\"elementor-container elementor-column-gap-default\">\n\t\t\t\t\t<div class=\"elementor-column elementor-col-25 elementor-top-column elementor-element elementor-element-8dbcaf6\" data-id=\"8dbcaf6\" data-element_type=\"column\" data-e-type=\"column\">\n\t\t\t<div class=\"elementor-widget-wrap\">\n\t\t\t\t\t\t\t<\/div>\n\t\t<\/div>\n\t\t\t\t<div class=\"elementor-column elementor-col-25 elementor-top-column elementor-element elementor-element-fa71a9e\" data-id=\"fa71a9e\" data-element_type=\"column\" data-e-type=\"column\">\n\t\t\t<div class=\"elementor-widget-wrap elementor-element-populated\">\n\t\t\t\t\t\t<div class=\"elementor-element elementor-element-b87b55e elementor-view-default elementor-position-block-start elementor-mobile-position-block-start elementor-widget elementor-widget-icon-box\" data-id=\"b87b55e\" data-element_type=\"widget\" data-e-type=\"widget\" data-widget_type=\"icon-box.default\">\n\t\t\t\t<div class=\"elementor-widget-container\">\n\t\t\t\t\t\t\t<div class=\"elementor-icon-box-wrapper\">\n\n\t\t\t\t\t\t<div class=\"elementor-icon-box-icon\">\n\t\t\t\t<span  class=\"elementor-icon\">\n\t\t\t\t<i aria-hidden=\"true\" class=\"fas fa-phone-volume\"><\/i>\t\t\t\t<\/span>\n\t\t\t<\/div>\n\t\t\t\n\t\t\t\t\t\t<div class=\"elementor-icon-box-content\">\n\n\t\t\t\t\t\t\t\t\t<h3 class=\"elementor-icon-box-title\">\n\t\t\t\t\t\t<span  >\n\t\t\t\t\t\t\t82 6807071 (Claudina) <br \/> 84\/87 5985824(Aniandes)\t\t\t\t\t\t<\/span>\n\t\t\t\t\t<\/h3>\n\t\t\t\t\n\t\t\t\t\n\t\t\t<\/div>\n\t\t\t\n\t\t<\/div>\n\t\t\t\t\t\t<\/div>\n\t\t\t\t<\/div>\n\t\t\t\t\t<\/div>\n\t\t<\/div>\n\t\t\t\t<div class=\"elementor-column elementor-col-25 elementor-top-column elementor-element elementor-element-c89538a\" data-id=\"c89538a\" data-element_type=\"column\" data-e-type=\"column\">\n\t\t\t<div class=\"elementor-widget-wrap elementor-element-populated\">\n\t\t\t\t\t\t<div class=\"elementor-element elementor-element-fb4de01 elementor-view-default elementor-position-block-start elementor-mobile-position-block-start elementor-widget elementor-widget-icon-box\" data-id=\"fb4de01\" data-element_type=\"widget\" data-e-type=\"widget\" data-widget_type=\"icon-box.default\">\n\t\t\t\t<div class=\"elementor-widget-container\">\n\t\t\t\t\t\t\t<div class=\"elementor-icon-box-wrapper\">\n\n\t\t\t\t\t\t<div class=\"elementor-icon-box-icon\">\n\t\t\t\t<span  class=\"elementor-icon\">\n\t\t\t\t<i aria-hidden=\"true\" class=\"fas fa-envelope\"><\/i>\t\t\t\t<\/span>\n\t\t\t<\/div>\n\t\t\t\n\t\t\t\t\t\t<div class=\"elementor-icon-box-content\">\n\n\t\t\t\t\t\t\t\t\t<h3 class=\"elementor-icon-box-title\">\n\t\t\t\t\t\t<span  >\n\t\t\t\t\t\t\tcec@uem.mz\t\t\t\t\t\t<\/span>\n\t\t\t\t\t<\/h3>\n\t\t\t\t\n\t\t\t\t\n\t\t\t<\/div>\n\t\t\t\n\t\t<\/div>\n\t\t\t\t\t\t<\/div>\n\t\t\t\t<\/div>\n\t\t\t\t\t<\/div>\n\t\t<\/div>\n\t\t\t\t<div class=\"elementor-column elementor-col-25 elementor-top-column elementor-element elementor-element-d81eeb7\" data-id=\"d81eeb7\" data-element_type=\"column\" data-e-type=\"column\">\n\t\t\t<div class=\"elementor-widget-wrap\">\n\t\t\t\t\t\t\t<\/div>\n\t\t<\/div>\n\t\t\t\t\t<\/div>\n\t\t<\/section>\n\t\t\t\t<\/div>\n\t\t","protected":false},"excerpt":{"rendered":"<p>Grupo-alvo: Todos intervenientes de pol\u00edticas p\u00fablicas\u00a0 Data 17 JUN 2026 Hora &#8230; <\/p>\n","protected":false},"author":1,"featured_media":0,"parent":0,"menu_order":0,"comment_status":"closed","ping_status":"closed","template":"","meta":{"footnotes":""},"class_list":["post-8","page","type-page","status-publish","hentry"],"_links":{"self":[{"href":"https:\/\/palestra.cec.uem.mz\/index.php\/wp-json\/wp\/v2\/pages\/8","targetHints":{"allow":["GET"]}}],"collection":[{"href":"https:\/\/palestra.cec.uem.mz\/index.php\/wp-json\/wp\/v2\/pages"}],"about":[{"href":"https:\/\/palestra.cec.uem.mz\/index.php\/wp-json\/wp\/v2\/types\/page"}],"author":[{"embeddable":true,"href":"https:\/\/palestra.cec.uem.mz\/index.php\/wp-json\/wp\/v2\/users\/1"}],"replies":[{"embeddable":true,"href":"https:\/\/palestra.cec.uem.mz\/index.php\/wp-json\/wp\/v2\/comments?post=8"}],"version-history":[{"count":103,"href":"https:\/\/palestra.cec.uem.mz\/index.php\/wp-json\/wp\/v2\/pages\/8\/revisions"}],"predecessor-version":[{"id":280,"href":"https:\/\/palestra.cec.uem.mz\/index.php\/wp-json\/wp\/v2\/pages\/8\/revisions\/280"}],"wp:attachment":[{"href":"https:\/\/palestra.cec.uem.mz\/index.php\/wp-json\/wp\/v2\/media?parent=8"}],"curies":[{"name":"wp","href":"https:\/\/api.w.org\/{rel}","templated":true}]}}