{"id":157,"date":"2026-03-26T06:44:41","date_gmt":"2026-03-26T06:44:41","guid":{"rendered":"http:\/\/localhost\/cec\/?page_id=157"},"modified":"2026-03-26T12:17:54","modified_gmt":"2026-03-26T12:17:54","slug":"sobre-a-palestra","status":"publish","type":"page","link":"https:\/\/palestra.cec.uem.mz\/index.php\/sobre-a-palestra\/","title":{"rendered":"Sobre a Palestra"},"content":{"rendered":"\t\t<div data-elementor-type=\"wp-page\" data-elementor-id=\"157\" class=\"elementor elementor-157\" data-elementor-post-type=\"page\">\n\t\t\t\t\t\t<section class=\"elementor-section elementor-top-section elementor-element elementor-element-d7ac87f elementor-section-stretched elementor-section-boxed elementor-section-height-default elementor-section-height-default\" data-id=\"d7ac87f\" data-element_type=\"section\" data-e-type=\"section\" data-settings=\"{&quot;stretch_section&quot;:&quot;section-stretched&quot;,&quot;background_background&quot;:&quot;classic&quot;}\">\n\t\t\t\t\t\t<div class=\"elementor-container elementor-column-gap-default\">\n\t\t\t\t\t<div class=\"elementor-column elementor-col-100 elementor-top-column elementor-element elementor-element-fda0303\" data-id=\"fda0303\" data-element_type=\"column\" data-e-type=\"column\">\n\t\t\t<div class=\"elementor-widget-wrap elementor-element-populated\">\n\t\t\t\t\t\t<div class=\"elementor-element elementor-element-4dc8a7d elementor-widget elementor-widget-heading\" data-id=\"4dc8a7d\" data-element_type=\"widget\" data-e-type=\"widget\" data-widget_type=\"heading.default\">\n\t\t\t\t<div class=\"elementor-widget-container\">\n\t\t\t\t\t<h2 class=\"elementor-heading-title elementor-size-default\">Sobre a Palestra<\/h2>\t\t\t\t<\/div>\n\t\t\t\t<\/div>\n\t\t\t\t\t<\/div>\n\t\t<\/div>\n\t\t\t\t\t<\/div>\n\t\t<\/section>\n\t\t\t\t<section class=\"elementor-section elementor-top-section elementor-element elementor-element-94b8870 elementor-section-boxed elementor-section-height-default elementor-section-height-default\" data-id=\"94b8870\" data-element_type=\"section\" data-e-type=\"section\">\n\t\t\t\t\t\t<div class=\"elementor-container elementor-column-gap-default\">\n\t\t\t\t\t<div class=\"elementor-column elementor-col-100 elementor-top-column elementor-element elementor-element-3030954\" data-id=\"3030954\" data-element_type=\"column\" data-e-type=\"column\">\n\t\t\t<div class=\"elementor-widget-wrap elementor-element-populated\">\n\t\t\t\t\t\t<div class=\"elementor-element elementor-element-896b22e elementor-widget elementor-widget-cz_title\" data-id=\"896b22e\" data-element_type=\"widget\" data-e-type=\"widget\" data-widget_type=\"cz_title.default\">\n\t\t\t\t<div class=\"elementor-widget-container\">\n\t\t\t\t\t\t\r\n\t\t<div>\r\n\t\t\t<div class=\"cz_title clr cz_mobile_text_center cz_title_pos_inline\"><div class=\"cz_title_content\"><div class=\"cz_wpe_content\"><p><strong><span style=\"font-size: 18px; color: #030;\">A REFUNDA\u00c7AO DA FAM\u00cdLIA MO\u00c7AMBICANA:<\/span><\/strong><\/p><h3>UMA ABORDAGEM ESTRAT\u00c9GICA PARA O DESENVOLVIMENTO NACIONAL<\/h3><\/div><\/div><\/div>\r\n\t\t<\/div>\r\n\t\t\r\n\t\t\t\t\t\t<\/div>\n\t\t\t\t<\/div>\n\t\t\t\t\t<\/div>\n\t\t<\/div>\n\t\t\t\t\t<\/div>\n\t\t<\/section>\n\t\t\t\t<section class=\"elementor-section elementor-top-section elementor-element elementor-element-mpyalr1 elementor-section-boxed elementor-section-height-default elementor-section-height-default\" data-id=\"mpyalr1\" data-element_type=\"section\" data-e-type=\"section\">\n\t\t\t\t\t\t<div class=\"elementor-container elementor-column-gap-default\">\n\t\t\t\t\t<div class=\"elementor-column elementor-col-50 elementor-top-column elementor-element elementor-element-ctv2j6p\" data-id=\"ctv2j6p\" data-element_type=\"column\" data-e-type=\"column\">\n\t\t\t<div class=\"elementor-widget-wrap elementor-element-populated\">\n\t\t\t\t\t\t<div class=\"elementor-element elementor-element-a0742e9 elementor-widget elementor-widget-cz_title\" data-id=\"a0742e9\" data-element_type=\"widget\" data-e-type=\"widget\" data-widget_type=\"cz_title.default\">\n\t\t\t\t<div class=\"elementor-widget-container\">\n\t\t\t\t\t\t\r\n\t\t<div>\r\n\t\t\t<div class=\"cz_title clr cz_mobile_text_center cz_title_pos_inline\"><div class=\"cz_title_content\"><div class=\"cz_wpe_content\"><p>A Funda\u00e7\u00e3o da Universidade Eduardo Mondlane, atrav\u00e9s do seu Centro de Educa\u00e7\u00e3o Cont\u00ednua (CEC), em parceria com a FORMATO, tem a honra de anunciar a realiza\u00e7\u00e3o da palestra subordinada ao t\u00edtulo \u201cREFUNDA\u00c7\u00c3O DA FAM\u00cdLIA MO\u00c7AMBICANA: UMA ABORDAGEM ESTRAT\u00c9GICA PARA O DESENVOLVIMENTO NACIONAL, cujo objective \u00e9:<\/p><\/div><\/div><\/div>\r\n\t\t<\/div>\r\n\t\t\r\n\t\t\t\t\t\t<\/div>\n\t\t\t\t<\/div>\n\t\t\t\t<div class=\"elementor-element elementor-element-e1af13b elementor-widget elementor-widget-cz_gap\" data-id=\"e1af13b\" data-element_type=\"widget\" data-e-type=\"widget\" data-widget_type=\"cz_gap.default\">\n\t\t\t\t<div class=\"elementor-widget-container\">\n\t\t\t\t\t<div class=\"cz_gap clr\"><\/div>\t\t\t\t<\/div>\n\t\t\t\t<\/div>\n\t\t\t\t<div class=\"elementor-element elementor-element-42a3086 elementor-widget elementor-widget-cz_stylish_list\" data-id=\"42a3086\" data-element_type=\"widget\" data-e-type=\"widget\" data-widget_type=\"cz_stylish_list.default\">\n\t\t\t\t<div class=\"elementor-widget-container\">\n\t\t\t\t\t<ul class=\"cz_stylish_list clr cz_sl_icon_hover_zoom_in_fade\"><li class=\"elementor-repeater-item-fa7b3df clr\"><div class=\"cz_sl_icon\"><i class=\"mr10 fa czico-074-tick-inside-circle\"><\/i><\/div><div><span>Instigar os fazedores e intervenientes de pol\u00edticas p\u00fablicas a reflectirem acerca dos problemas e desafios relacionados com a moralidade e integridade da fam\u00edlia mo\u00e7ambicana e o perfil desejado de fam\u00edlia nacional que possa protagonizar o desenvolvimento de Mo\u00e7ambique.<\/span><\/div><\/li><\/ul>\t\t\t\t<\/div>\n\t\t\t\t<\/div>\n\t\t\t\t<div class=\"elementor-element elementor-element-582ad7c elementor-widget elementor-widget-cz_gap\" data-id=\"582ad7c\" data-element_type=\"widget\" data-e-type=\"widget\" data-widget_type=\"cz_gap.default\">\n\t\t\t\t<div class=\"elementor-widget-container\">\n\t\t\t\t\t<div class=\"cz_gap clr\"><\/div>\t\t\t\t<\/div>\n\t\t\t\t<\/div>\n\t\t\t\t<div class=\"elementor-element elementor-element-8a44859 elementor-widget elementor-widget-cz_title\" data-id=\"8a44859\" data-element_type=\"widget\" data-e-type=\"widget\" data-widget_type=\"cz_title.default\">\n\t\t\t\t<div class=\"elementor-widget-container\">\n\t\t\t\t\t\t\r\n\t\t<div>\r\n\t\t\t<div class=\"cz_title clr cz_mobile_text_center cz_title_pos_inline\"><div class=\"cz_title_content\"><div class=\"cz_wpe_content\"><p>A proposta esta palestra para abordar os problemas de Mo\u00e7ambique, a partir do papel da fam\u00edlia na educa\u00e7\u00e3o da crian\u00e7a e na responsabilidade que este ter\u00e1 como futuro adulto, quer na sua vida privada, quer na professional, na participa\u00e7\u00e3o e contribui\u00e7\u00e3o para o desenvolvimento nacional.<\/p><p>\u00a0<\/p><p>\u00c9 nosso entendimento geral, que, o desenvolvimento de Mo\u00e7ambique passa pela fam\u00edlia desempenhar com sucesso o seu papel de primeira escola de forma\u00e7\u00e3o de um homem. Deste modo, \u00e9 necess\u00e1rio que a fam\u00edlia tenha mais protec\u00e7\u00e3o e melhores condi\u00e7\u00f5es de sua exist\u00eancia para que ela seja o ber\u00e7o, a guardi\u00e3, a forjadora de car\u00e1rter de crian\u00e7as e jovens de modo que estes cres\u00e7am como portadores de valores \u00e9ticos e morais, de tal forma que os esfor\u00e7os do Estado para o desenvolvimento nacional encontre nestes, adultos de amanh\u00e3, um terreno f\u00e9rtil para a materializa\u00e7\u00e3o do sonho de um Mo\u00e7ambique pr\u00f3spero e brioso.<\/p><p>\u00a0<\/p><p>Assim, h\u00e1 uma urg\u00eancia de repensar-se o perfil de fam\u00edlia que preenche os requisitos necess\u00e1rios para que a na\u00e7\u00e3o mo\u00e7ambicana esteja no caminho de um desenvolvimento consistente e harmonioso, em termos sociais.<\/p><\/div><\/div><\/div>\r\n\t\t<\/div>\r\n\t\t\r\n\t\t\t\t\t\t<\/div>\n\t\t\t\t<\/div>\n\t\t\t\t\t<\/div>\n\t\t<\/div>\n\t\t\t\t<div class=\"elementor-column elementor-col-50 elementor-top-column elementor-element elementor-element-lvg9wq6\" data-id=\"lvg9wq6\" data-element_type=\"column\" data-e-type=\"column\">\n\t\t\t<div class=\"elementor-widget-wrap elementor-element-populated\">\n\t\t\t\t\t\t<div class=\"elementor-element elementor-element-4fe3063 elementor-widget elementor-widget-cz_gallery\" data-id=\"4fe3063\" data-element_type=\"widget\" data-e-type=\"widget\" data-widget_type=\"cz_gallery.default\">\n\t\t\t\t<div class=\"elementor-widget-container\">\n\t\t\t\t\t<div class=\"slick no_arrows dots_bc dots_circle_outline\" data-slick='{\"selector\":\"\",\"slidesToShow\":1,\"slidesToScroll\":1,\"rows\":1,\"fade\":false,\"vertical\":false,\"verticalSwiping\":false,\"infinite\":true,\"speed\":1000,\"swipeToSlide\":true,\"centerMode\":false,\"centerPadding\":null,\"variableWidth\":false,\"autoplay\":false,\"autoplaySpeed\":4000,\"dots\":true,\"counts\":false,\"responsive\":[{\"breakpoint\":769,\"settings\":{\"slidesToShow\":1,\"slidesToScroll\":1,\"infinite\":true,\"touchMove\":true}},{\"breakpoint\":481,\"settings\":{\"slidesToShow\":1,\"slidesToScroll\":1,\"infinite\":true,\"touchMove\":true}}]}' data-slick-prev=\"\" data-slick-next=\"\"><div class=\"cz_grid_p\"><div class=\"cz_grid cz_grid_1 clr cz_grid_carousel cz_grid_1_no_hover cz_grid_disable_links\"><div class=\"cz_grid_item cz_grid_first\"><\/div><div class=\"cz_grid_item \"><div data-title=\"cec_sobre\"><a class=\"cz_grid_link \" title=\"cec_sobre\" href=\"https:\/\/moocs.uem.mz\/cec\/wp-content\/uploads\/2026\/03\/cec_sobre.png\" data-xtra-lightbox><img loading=\"lazy\" decoding=\"async\" width=\"1024\" height=\"1356\" src=\"https:\/\/palestra.cec.uem.mz\/wp-content\/uploads\/2026\/03\/cec_sobre.png\" class=\"attachment-full size-full wp-image-186\" alt=\"Cec sobre\" srcset=\"https:\/\/palestra.cec.uem.mz\/wp-content\/uploads\/2026\/03\/cec_sobre.png 1024w, https:\/\/palestra.cec.uem.mz\/wp-content\/uploads\/2026\/03\/cec_sobre-227x300.png 227w, https:\/\/palestra.cec.uem.mz\/wp-content\/uploads\/2026\/03\/cec_sobre-773x1024.png 773w, https:\/\/palestra.cec.uem.mz\/wp-content\/uploads\/2026\/03\/cec_sobre-768x1017.png 768w, https:\/\/palestra.cec.uem.mz\/wp-content\/uploads\/2026\/03\/cec_sobre-600x795.png 600w\" sizes=\"auto, (max-width: 1024px) 100vw, 1024px\" loading=\"lazy\" \/><div class=\"cz_grid_details\"><\/div><\/a><\/div><\/div><\/div><\/div><\/div>\t\t\t\t<\/div>\n\t\t\t\t<\/div>\n\t\t\t\t\t<\/div>\n\t\t<\/div>\n\t\t\t\t\t<\/div>\n\t\t<\/section>\n\t\t\t\t<\/div>\n\t\t","protected":false},"excerpt":{"rendered":"<p>Sobre a Palestra A REFUNDA\u00c7AO DA FAM\u00cdLIA MO\u00c7AMBICANA: UMA ABORDAGEM ESTRAT\u00c9GICA &#8230; <\/p>\n","protected":false},"author":1,"featured_media":0,"parent":0,"menu_order":0,"comment_status":"closed","ping_status":"closed","template":"","meta":{"footnotes":""},"class_list":["post-157","page","type-page","status-publish","hentry"],"_links":{"self":[{"href":"https:\/\/palestra.cec.uem.mz\/index.php\/wp-json\/wp\/v2\/pages\/157","targetHints":{"allow":["GET"]}}],"collection":[{"href":"https:\/\/palestra.cec.uem.mz\/index.php\/wp-json\/wp\/v2\/pages"}],"about":[{"href":"https:\/\/palestra.cec.uem.mz\/index.php\/wp-json\/wp\/v2\/types\/page"}],"author":[{"embeddable":true,"href":"https:\/\/palestra.cec.uem.mz\/index.php\/wp-json\/wp\/v2\/users\/1"}],"replies":[{"embeddable":true,"href":"https:\/\/palestra.cec.uem.mz\/index.php\/wp-json\/wp\/v2\/comments?post=157"}],"version-history":[{"count":37,"href":"https:\/\/palestra.cec.uem.mz\/index.php\/wp-json\/wp\/v2\/pages\/157\/revisions"}],"predecessor-version":[{"id":198,"href":"https:\/\/palestra.cec.uem.mz\/index.php\/wp-json\/wp\/v2\/pages\/157\/revisions\/198"}],"wp:attachment":[{"href":"https:\/\/palestra.cec.uem.mz\/index.php\/wp-json\/wp\/v2\/media?parent=157"}],"curies":[{"name":"wp","href":"https:\/\/api.w.org\/{rel}","templated":true}]}}